{"id":164,"date":"2023-02-06T18:43:46","date_gmt":"2023-02-06T18:43:46","guid":{"rendered":"https:\/\/heller.nagbalae.hu\/?page_id=164"},"modified":"2025-09-16T10:21:46","modified_gmt":"2025-09-16T10:21:46","slug":"szakmaisag","status":"publish","type":"page","link":"https:\/\/hellerszakkoli.hu\/index.php\/szakmaisag\/","title":{"rendered":"Szakmais\u00e1g"},"content":{"rendered":"\n<p><style>\r\nh2.entry-title{\r\n   display: none;\r\n} \r\n<\/style><\/p>\r\n<!-- Kikapcsolja a c\u00edmet -->\n\n\n\n<p class=\"has-text-align-center has-text-color has-large-font-size\" style=\"color:#002449\"><strong>Szakmais\u00e1g<\/strong><\/p>\n\n\n\n<div class=\"wp-block-stevehenty-drop-shadow-box dropshadowboxes-container\" style=\"width: auto;\">\r\n<div class=\"dropshadowboxes-drop-shadow dropshadowboxes-lifted-both dropshadowboxes-rounded-corners\" style=\"background-color: #ffffff; ;padding: 17px; border: 3px solid #002449;\">\r\n<div>\n\n<p class=\"has-text-align-center has-text-color has-medium-font-size\" style=\"color: #002449; text-align: justify;\">Koll\u00e9giumunk szakmai c\u00e9lkit\u0171z\u00e9se az egyetemi tanulm\u00e1nyokat kieg\u00e9sz\u00edt\u0151, versenyk\u00e9pes tud\u00e1s biztos\u00edt\u00e1sa a tagjaink sz\u00e1m\u00e1ra. Kurzusaink lehet\u0151v\u00e9 teszik a k\u00f6zgazdas\u00e1gtanban \u00e9s a p\u00e9nz\u00fcgyekben val\u00f3 m\u00e9lyebb elm\u00e9ly\u00fcl\u00e9st, \u00faj tudom\u00e1nyter\u00fcletek megismer\u00e9s\u00e9t, l\u00e1t\u00f3k\u00f6r\u00fcnk b\u0151v\u00edt\u00e9s\u00e9t, valamint a t\u00e1rsadalmilag felel\u0151s, \u00e9rtelmis\u00e9gi gondolkod\u00e1sm\u00f3d fejleszt\u00e9s\u00e9t. A szakmais\u00e1g a koll\u00e9gist\u00e1k mindennapjainak szerves r\u00e9sz\u00e9t k\u00e9pezi, form\u00e1j\u00e1t tekintve pedig az al\u00e1bbi ter\u00fcleteken jelenik meg.<\/p>\n\n<\/div>\r\n<\/div>\r\n<\/div>\n\n\n\n<div class=\"wp-block-spacer\" style=\"height: 100px;\" aria-hidden=\"true\">\u00a0<\/div>\n\n\n\n<div class=\"wp-block-columns is-layout-flex wp-container-core-columns-is-layout-9d6595d7 wp-block-columns-is-layout-flex\">\n<div class=\"wp-block-column is-layout-flow wp-block-column-is-layout-flow\">\n<div class=\"wp-block-stevehenty-drop-shadow-box dropshadowboxes-container\" style=\"width: auto;\">\r\n<div class=\"dropshadowboxes-drop-shadow dropshadowboxes-lifted-both dropshadowboxes-rounded-corners dropshadowboxes-inside-and-outside-shadow\" style=\"background-color: #ffffff; ;padding: 10px; border: 2px solid #DDDDDD;\">\r\n<div>\n\n<figure class=\"wp-block-image size-large\"><img loading=\"lazy\" decoding=\"async\" width=\"1024\" height=\"576\" class=\"wp-image-1975\" src=\"https:\/\/hellerszakkoli.hu\/wp-content\/uploads\/2024\/08\/Rajztabla-1-1024x576.png\" alt=\"\" srcset=\"https:\/\/hellerszakkoli.hu\/wp-content\/uploads\/2024\/08\/Rajztabla-1-1024x576.png 1024w, https:\/\/hellerszakkoli.hu\/wp-content\/uploads\/2024\/08\/Rajztabla-1-300x169.png 300w, https:\/\/hellerszakkoli.hu\/wp-content\/uploads\/2024\/08\/Rajztabla-1-768x432.png 768w, https:\/\/hellerszakkoli.hu\/wp-content\/uploads\/2024\/08\/Rajztabla-1-1536x864.png 1536w, https:\/\/hellerszakkoli.hu\/wp-content\/uploads\/2024\/08\/Rajztabla-1.png 1920w\" sizes=\"auto, (max-width: 1024px) 100vw, 1024px\" \/><\/figure>\n\n<\/div>\r\n<\/div>\r\n<\/div>\n<\/div>\n\n\n\n<div class=\"wp-block-column is-layout-flow wp-block-column-is-layout-flow\">\n<div class=\"wp-block-group\"><div class=\"wp-block-group__inner-container is-layout-constrained wp-block-group-is-layout-constrained\">\n<p style=\"font-size:18px\"><p style=\"font-size: 18px; text-align: justify;\">A Heller egy szellemi m\u0171hely, ahol elk\u00f6telezettek vagyunk a szem\u00e9lyes \u00e9s szakmai fejl\u0151d\u00e9s\u00fcnk ir\u00e1nt. M\u0171k\u00f6d\u00e9s\u00fcnk alapvet\u0151 eleme a p\u00e1rbesz\u00e9d \u00e9s a vita. Folyamatosan inspir\u00e1ljuk egym\u00e1st mind szavakkal, mind pedig tettekkel, \u00faj kapukat nyitva meg egym\u00e1s el\u0151tt. Mindannyiunkat hajt valami el\u0151re. Egym\u00e1s \u00edr\u00e1sai \u00e1ltal a vil\u00e1g egy olyan kis szelet\u00e9t ismerhetj\u00fck meg itt, amit magunkt\u00f3l nem tudtunk volna, kicsit jobban meg\u00e9rtve bizonyos jelens\u00e9geket. A Hellerben egy\u00fattal napr\u00f3l napra egyre m\u00e9lyebben ismerj\u00fck meg azt a ter\u00fcletet, amit legink\u00e1bb a magunk\u00e9nak \u00e9rz\u00fcnk, ami egyediv\u00e9 tesz minket, vagy \u00e9ppen csak keress\u00fck m\u00e9g azt a ter\u00fcletet, ahol igaz\u00e1n kiteljesedhet\u00fcnk. Egyik legnagyobb \u00e9rt\u00e9k\u00fcnk a soksz\u00edn\u0171s\u00e9gben rejlik. Ezekb\u0151l ny\u00fajtunk egy \u00edzel\u00edt\u0151t a HellerBlogon.<\/p><\/p>\n<\/div><\/div>\n\n\n\n<div class=\"wp-block-buttons is-layout-flex wp-block-buttons-is-layout-flex\">\n<div class=\"wp-block-button aligncenter is-style-fill\"><a class=\"wp-block-button__link has-text-color has-background has-medium-font-size has-custom-font-size wp-element-button\" href=\"https:\/\/hellerblog.hu\/\" style=\"color:#002449;background-color:#ffcc06\" target=\"_blank\" rel=\"noreferrer noopener\"><strong>Tov\u00e1bb a Blogra<\/strong><\/a><\/div>\n<\/div>\n<\/div>\n<\/div>\n\n\n\n\n\n<div style=\"text-align: center; background-color: var(--bgcolor); color: var(--fgcolor); padding-top: 10px; padding-bottom: 10px; margin-bottom: 45px; margin-top: 100px; font-size: 1.8em;\">\n<h1 style=\"margin: 0px;\">Kurzusaink<\/h1>\n<\/div>\n\n\n\n<div class=\"wp-block-media-text alignwide has-media-on-the-right is-stacked-on-mobile is-vertically-aligned-center has-background\" style=\"background-color:#eab225;grid-template-columns:auto 52%\"><div class=\"wp-block-media-text__content\">\n<p style=\"font-size:30px\"><strong>&#8222;A&#8221; kurzus<\/strong><\/p>\n\n\n\n<p class=\"has-medium-font-size\" style=\"line-height:1.2\"><p class=\"has-medium-font-size\" style=\"line-height: 1.2; text-align: justify;\">Az \u201cA\u201d t\u00edpus\u00fa kurzusok sor\u00e1n hallgat\u00f3ink gazdas\u00e1gi jelleg\u0171 ismeretekkel gazdagodnak, ahol f\u0151k\u00e9nt a k\u00f6zgazdas\u00e1gtani \u00e9s m\u00f3dszertani kurzusok a legn\u00e9pszer\u0171bbek. F\u00e9l\u00e9venk\u00e9nt jellemz\u0151en 4-5 db \u201cA\u201d t\u00edpus\u00fa kurzust ind\u00edtunk el, melyen az \u00e1tlagos l\u00e9tsz\u00e1m 6-8 f\u0151re tehet\u0151. A kiscsoportos jelleg miatt a kurzusokat magas fok\u00fa interaktivit\u00e1s jellemzi, ak\u00e1r elm\u00e9leti jelleg\u0171, ak\u00e1r gyakorlatiasabb kurzusokr\u00f3l legyen sz\u00f3.&nbsp;<\/p><\/p>\n\n\n\n<p>Kurzusaink voltak:<\/p>\n\n\n\n<ul class=\"wp-block-list\">\n<li><strong>Alkalmazott V\u00e1llalat\u00e9rt\u00e9kel\u00e9s &#8211; 2022\/23 Tavasz<\/strong><\/li>\n\n\n\n<li><strong>H\u00e1l\u00f3zatelemz\u00e9s &#8211; 2022\/23 Tavasz<\/strong><\/li>\n\n\n\n<li><strong>Machine Learning &#8211; 2022\/23 \u0150sz<\/strong><\/li>\n\n\n\n<li><strong>Halad\u00f3 Makro\u00f6kon\u00f3mia &#8211; 2022\/23 \u0150sz<\/strong><\/li>\n\n\n\n<li><strong>K\u00f6zgazdas\u00e1gtani Elm\u00e9lett\u00f6rt\u00e9net &#8211; 2021\/22 Tavasz<\/strong><\/li>\n\n\n\n<li><strong>Id\u0151sorelemz\u00e9s &#8211; 2021\/22 \u0150sz<\/strong><\/li>\n\n\n\n<li><strong>Fejl\u0151d\u00e9s-gazdas\u00e1gtan 2021\/22 \u0150sz<\/strong><\/li>\n\n\n\n<li><strong>Monet\u00e1ris politika 2021\/22 \u0150sz<\/strong><\/li>\n<\/ul>\n<\/div><figure class=\"wp-block-media-text__media\"><img loading=\"lazy\" decoding=\"async\" width=\"1024\" height=\"768\" src=\"https:\/\/hellerszakkoli.hu\/wp-content\/uploads\/2024\/08\/IMG_3556-1024x768.jpeg\" alt=\"\" class=\"wp-image-1894 size-full\" srcset=\"https:\/\/hellerszakkoli.hu\/wp-content\/uploads\/2024\/08\/IMG_3556-1024x768.jpeg 1024w, https:\/\/hellerszakkoli.hu\/wp-content\/uploads\/2024\/08\/IMG_3556-300x225.jpeg 300w, https:\/\/hellerszakkoli.hu\/wp-content\/uploads\/2024\/08\/IMG_3556-768x576.jpeg 768w, https:\/\/hellerszakkoli.hu\/wp-content\/uploads\/2024\/08\/IMG_3556-1536x1152.jpeg 1536w, https:\/\/hellerszakkoli.hu\/wp-content\/uploads\/2024\/08\/IMG_3556-2048x1536.jpeg 2048w\" sizes=\"auto, (max-width: 1024px) 100vw, 1024px\" \/><\/figure><\/div>\n\n\n\n<div class=\"wp-block-spacer\" style=\"height: 100px;\" aria-hidden=\"true\">\u00a0<\/div>\n\n\n\n<div class=\"wp-block-media-text alignwide is-stacked-on-mobile is-vertically-aligned-center has-background\" style=\"background-color:#002449;grid-template-columns:52% auto\"><figure class=\"wp-block-media-text__media\"><img loading=\"lazy\" decoding=\"async\" width=\"548\" height=\"366\" src=\"https:\/\/hellerszakkoli.hu\/wp-content\/uploads\/2024\/08\/kurzus_kep_1.png\" alt=\"\" class=\"wp-image-1958 size-full\" srcset=\"https:\/\/hellerszakkoli.hu\/wp-content\/uploads\/2024\/08\/kurzus_kep_1.png 548w, https:\/\/hellerszakkoli.hu\/wp-content\/uploads\/2024\/08\/kurzus_kep_1-300x200.png 300w\" sizes=\"auto, (max-width: 548px) 100vw, 548px\" \/><\/figure><div class=\"wp-block-media-text__content\">\n<p class=\"has-white-color has-text-color\" style=\"font-size:30px\"><strong>&#8222;B&#8221; kurzus<\/strong><\/p>\n\n\n\n<p class=\"has-white-color has-text-color has-medium-font-size\" style=\"line-height:1.2\"><p class=\"has-white-color has-text-color has-medium-font-size\" style=\"line-height: 1.2; text-align: justify;\">B kurzusaink t\u00e9m\u00e1ja j\u00f3val t\u00fal n\u0151 a p\u00e9nz\u00fcgy-k\u00f6zgazdas\u00e1gtan f\u00f3kuszon \u00e9s megfelel\u0151 sz\u00e1m\u00fa \u00e9rdekl\u0151d\u0151 mellett, szinte b\u00e1rmilyen t\u00e9m\u00e1ban indulhatnak ezek a kurzusok \u00e9s a tags\u00e1g \u00e9rdekl\u0151d\u00e9s\u00e9nek kiel\u00e9g\u00edt\u00e9s\u00e9re, l\u00e1t\u00f3k\u00f6r\u00e9nek b\u0151v\u00edt\u00e9s\u00e9re szolg\u00e1lnak. A koll\u00e9gium f\u0151 csap\u00e1svonal\u00e1hoz tartoz\u00f3 t\u00e9m\u00e1k mellett a B kurzusaink szinte teljesen lefedik az eg\u00e9sz tudom\u00e1nyos spektrumot \u00e9s a programoz\u00f3 kurzusaink is idetartoznak.<\/p><\/p>\n\n\n\n<p class=\"has-white-color has-text-color\">Kurzusaink voltak:<\/p>\n\n\n\n<blockquote class=\"wp-block-quote has-white-color has-text-color is-layout-flow wp-block-quote-is-layout-flow\">\n<ul class=\"wp-block-list\">\n<li><strong>Sportkutat\u00e1s &#8211; 2022\/23 Tavasz<\/strong><\/li>\n\n\n\n<li><strong>Derivat\u00edva\u00e1raz\u00e1s matematik\u00e1ja &#8211; 2022\/23 Tavasz<\/strong><\/li>\n\n\n\n<li><strong>Technikai elemz\u00e9s &#8211; 2022\/23 \u0150sz<\/strong><\/li>\n\n\n\n<li><strong>C++ &#8211; 2022\/23 \u0150sz<\/strong><\/li>\n\n\n\n<li><strong>Pszichol\u00f3gia &#8211; 2022\/23 \u0150sz<\/strong><\/li>\n\n\n\n<li><strong>Python &#8211; 2021\/22 Tavasz<\/strong><\/li>\n\n\n\n<li><strong>Telep\u00fcl\u00e9stervez\u00e9s &#8211; 2021\/22 Tavasz<\/strong><\/li>\n\n\n\n<li><strong>Viselked\u00e9si p\u00e9nz\u00fcgyek &#8211; 2021\/22 \u0150sz<\/strong><\/li>\n\n\n\n<li><strong>Power BI &#8211; 2021\/22 \u0150sz<\/strong><\/li>\n<\/ul>\n<\/blockquote>\n<\/div><\/div>\n\n\n\n<div class=\"wp-block-spacer\" style=\"height: 100px;\" aria-hidden=\"true\">\u00a0<\/div>\n\n\n\n<h2 class=\"wp-block-heading has-text-align-center has-text-color\" style=\"color:#002449;font-size:30px\">TDK &#8211; OTDK<\/h2>\n\n\n\n<div class=\"wp-block-media-text alignwide has-media-on-the-right is-stacked-on-mobile is-vertically-aligned-center\" style=\"grid-template-columns:auto 31%\"><div class=\"wp-block-media-text__content\">\n<div class=\"wp-block-group is-vertical is-layout-flex wp-container-core-group-is-layout-8cf370e7 wp-block-group-is-layout-flex\">\n<p style=\"font-size:18px\"><p style=\"font-size: 18px; text-align: justify;\">Tagjaink \u00e9vr\u0151l \u00e9vre sz\u00e1mos kutat\u00e1st v\u00e9geznek, melyeket \u00f6n\u00e1ll\u00f3 publik\u00e1ci\u00f3kban, illetve TDK-dolgozatban t\u00e1rnak az akad\u00e9miai k\u00f6z\u00f6ns\u00e9g el\u00e9. Koll\u00e9gist\u00e1ink \u00e9vente \u00e1tlagosan 10-15 TDK-dolgozatot \u00edrnak a k\u00f6zgazdas\u00e1gtan, a p\u00e9nz\u00fcgy, a statisztika, a menedzsment, illetve a vil\u00e1ggazdas\u00e1gtan ter\u00fcletein, mellyel nemcsak szervezet\u00fcnk h\u00edrnev\u00e9t \u00f6regb\u00edtik, de az egyetemi akad\u00e9miai \u00e9letben is fontos szerepet j\u00e1tszanak.&nbsp;<\/p><\/p>\n\n\n\n<p style=\"font-size:18px\">Az elm\u00falt k\u00e9t \u00e9v d\u00edjazott TDK-dolgozatai <a href=\"\/wp-content\/uploads\/2024\/08\/Heller_TDK_OTDK_2022-1.pdf\" target=\"_blank\" rel=\"noreferrer noopener\" data-type=\"URL\" data-id=\"https:\/\/heller.nagbalae.hu\/wp-content\/uploads\/2023\/03\/Heller_TDK_OTDK_2022-1.pdf\">itt \u00e9rhet\u0151ek el<\/a>.<\/p>\n<\/div>\n<\/div><figure class=\"wp-block-media-text__media\"><img loading=\"lazy\" decoding=\"async\" width=\"1024\" height=\"538\" src=\"https:\/\/hellerszakkoli.hu\/wp-content\/uploads\/2024\/08\/allianz-partners-award-1024x538.jpg\" alt=\"\" class=\"wp-image-1908 size-full\" srcset=\"https:\/\/hellerszakkoli.hu\/wp-content\/uploads\/2024\/08\/allianz-partners-award-1024x538.jpg 1024w, https:\/\/hellerszakkoli.hu\/wp-content\/uploads\/2024\/08\/allianz-partners-award-300x158.jpg 300w, https:\/\/hellerszakkoli.hu\/wp-content\/uploads\/2024\/08\/allianz-partners-award-768x403.jpg 768w, https:\/\/hellerszakkoli.hu\/wp-content\/uploads\/2024\/08\/allianz-partners-award.jpg 1200w\" sizes=\"auto, (max-width: 1024px) 100vw, 1024px\" \/><\/figure><\/div>\n\n\n\n<div class=\"wp-block-spacer\" style=\"height: 100px;\" aria-hidden=\"true\">\u00a0<\/div>\n\n\n\n<figure class=\"wp-block-pullquote has-text-align-center has-white-background-color has-text-color has-background has-medium-font-size\" style=\"border-radius: 36px; color: #002449; border-color: #002449 var(--wp--preset--color--white) #002449 var(--wp--preset--color--white);\">\r\n<blockquote>\r\n<p style=\"text-align: justify;\"><strong>Demonstr\u00e1tors\u00e1g, konzult\u00e1ci\u00f3k, kutat\u00e1sban val\u00f3 r\u00e9szv\u00e9tel<\/strong><\/p>\r\n<cite>A TDK-\u00edr\u00e1s mellett tagjaink egy\u00e9b m\u00f3dokon is hozz\u00e1j\u00e1rulnak az egyetem akad\u00e9miai \u00e9let\u00e9hez, legyen sz\u00f3 demonstr\u00e1torkod\u00e1sr\u00f3l, konzult\u00e1ci\u00f3k tart\u00e1s\u00e1r\u00f3l, illetve kutat\u00e1sokban val\u00f3 r\u00e9szv\u00e9telr\u0151l. T\u00e1rsadalmilag felel\u0151s szervezetk\u00e9nt igyeksz\u00fcnk hallgat\u00f3t\u00e1rsainknak seg\u00edts\u00e9get ny\u00fajtani a tanul\u00e1sban, ez\u00e9rt rendszeresen tartunk konzult\u00e1ci\u00f3kat matematik\u00e1hoz, p\u00e9nz\u00fcgyekhez \u00e9s statisztik\u00e1hoz k\u00f6t\u0151d\u0151 t\u00e1rgyakb\u00f3l. Demonstr\u00e1toraink azonban nemcsak az oktat\u00e1sb\u00f3l, de a kutat\u00e1sb\u00f3l is kiveszik a r\u00e9sz\u00fcket: v\u00e1llalatgazdas\u00e1gtanhoz, illetve p\u00e9nz\u00fcgyi piacokhoz kapcsol\u00f3d\u00f3an sz\u00e1mos \u00e1tfog\u00f3 kutat\u00f3munka sz\u00fcletett meg koll\u00e9gist\u00e1ink seg\u00edts\u00e9g\u00e9vel.<\/cite><\/blockquote>\r\n<\/figure>\n\n\n\n<div class=\"wp-block-columns is-layout-flex wp-container-core-columns-is-layout-9d6595d7 wp-block-columns-is-layout-flex\">\n<div class=\"wp-block-column is-layout-flow wp-block-column-is-layout-flow\">\n<div class=\"wp-block-spacer\" style=\"height: 100px;\" aria-hidden=\"true\">\u00a0<\/div>\n\n\n\n<div class=\"wp-block-group\"><div class=\"wp-block-group__inner-container is-layout-constrained wp-block-group-is-layout-constrained\"><div class=\"wp-block-image\">\n<figure class=\"alignright size-large is-resized\"><img loading=\"lazy\" decoding=\"async\" width=\"1024\" height=\"769\" src=\"https:\/\/hellerszakkoli.hu\/wp-content\/uploads\/2024\/09\/Panelokonometria_NTP_kep-1024x769.jpg\" alt=\"\" class=\"wp-image-2065\" style=\"width:auto;height:300px\" srcset=\"https:\/\/hellerszakkoli.hu\/wp-content\/uploads\/2024\/09\/Panelokonometria_NTP_kep-1024x769.jpg 1024w, https:\/\/hellerszakkoli.hu\/wp-content\/uploads\/2024\/09\/Panelokonometria_NTP_kep-300x225.jpg 300w, https:\/\/hellerszakkoli.hu\/wp-content\/uploads\/2024\/09\/Panelokonometria_NTP_kep-768x577.jpg 768w, https:\/\/hellerszakkoli.hu\/wp-content\/uploads\/2024\/09\/Panelokonometria_NTP_kep-1536x1153.jpg 1536w, https:\/\/hellerszakkoli.hu\/wp-content\/uploads\/2024\/09\/Panelokonometria_NTP_kep-2048x1538.jpg 2048w\" sizes=\"auto, (max-width: 1024px) 100vw, 1024px\" \/><\/figure>\n<\/div><\/div><\/div>\n<\/div>\n\n\n\n<div class=\"wp-block-column is-layout-flow wp-block-column-is-layout-flow\">\n<p class=\"has-text-align-center has-text-color\" style=\"color:#002449;font-size:30px\"><strong>Tr\u00e9ningek<\/strong><\/p>\n\n\n\n<p style=\"font-size:18px\"><p style=\"font-size: 18px; text-align: justify;\">Tagjainknak lehet\u0151s\u00e9ge van bels\u0151 szervez\u00e9s\u0171 tr\u00e9ningeket r\u00e9szt venni. A tr\u00e9ning t\u00e9m\u00e1j\u00e1t a szakkoll\u00e9gium tagjai v\u00e1lasztj\u00e1k meg \u00e9rdekl\u0151d\u00e9s\u00fcknek megfelel\u0151en. \u00c1ltal\u00e1ban a soft skill fejleszt\u00e9se c\u00e9l, azonban megval\u00f3sultak m\u00e1r programoz\u00e1ssal \u00e9s adatvizualiz\u00e1ci\u00f3val kapcsolatos tr\u00e9ningek is, amelyek c\u00e9lja betekint\u00e9st ny\u00fajtani a hallgat\u00f3knak a tov\u00e1bbi lehets\u00e9ges kurzusok megval\u00f3s\u00edt\u00e1s\u00e1hoz. A tr\u00e9ning sor\u00e1n az oktat\u00f3t a szakkoll\u00e9gium tagjai v\u00e1lasztj\u00e1k meg, \u00edgy az adott ter\u00fclet legk\u00edv\u00e1l\u00f3bb szakembereit\u0151l tudnak tanulni. A r\u00e9sztvev\u0151k sz\u00e1ma \u00e1ltal\u00e1ban 10-15 f\u0151, \u00edgy az alkalmak lehet\u0151v\u00e9 teszik a folytonos interaktivit\u00e1st illetve a tr\u00e9ning tematik\u00e1j\u00e1nak szem\u00e9lyre szab\u00e1s\u00e1t.<br>Kor\u00e1bban megval\u00f3sult tr\u00e9ningek voltak: <strong>Power BI<\/strong>,&nbsp;<strong>SQL<\/strong>,&nbsp;<strong>Szakirodalom feldolgoz\u00e1s<\/strong> (TDK felk\u00e9sz\u00edt\u0151),&nbsp;<strong>\u00dajs\u00e1g\u00edr\u00e1s<\/strong>,&nbsp;<strong>\u00dczleti protokoll<\/strong>.<\/p><\/p>\n<\/div>\n<\/div>\n\n\n\n<div class=\"wp-block-spacer\" style=\"height: 100px;\" aria-hidden=\"true\">\u00a0<\/div>\n\n\n\n<p>&nbsp;<\/p>\n","protected":false},"excerpt":{"rendered":"<p>Szakmais\u00e1g A Heller egy szellemi m\u0171hely, ahol elk\u00f6telezettek vagyunk a szem\u00e9lyes \u00e9s szakmai fejl\u0151d\u00e9s\u00fcnk ir\u00e1nt. M\u0171k\u00f6d\u00e9s\u00fcnk alapvet\u0151 eleme a p\u00e1rbesz\u00e9d \u00e9s a vita. Folyamatosan inspir\u00e1ljuk egym\u00e1st mind szavakkal, mind pedig tettekkel, \u00faj kapukat nyitva meg egym\u00e1s el\u0151tt. Mindannyiunkat hajt valami el\u0151re. Egym\u00e1s \u00edr\u00e1sai \u00e1ltal a vil\u00e1g egy olyan kis szelet\u00e9t ismerhetj\u00fck meg itt, amit magunkt\u00f3l [&hellip;]<\/p>\n","protected":false},"author":1,"featured_media":0,"parent":0,"menu_order":2,"comment_status":"closed","ping_status":"closed","template":"","meta":{"ub_ctt_via":"","footnotes":""},"class_list":["post-164","page","type-page","status-publish","hentry"],"featured_image_src":null,"_links":{"self":[{"href":"https:\/\/hellerszakkoli.hu\/index.php\/wp-json\/wp\/v2\/pages\/164","targetHints":{"allow":["GET"]}}],"collection":[{"href":"https:\/\/hellerszakkoli.hu\/index.php\/wp-json\/wp\/v2\/pages"}],"about":[{"href":"https:\/\/hellerszakkoli.hu\/index.php\/wp-json\/wp\/v2\/types\/page"}],"author":[{"embeddable":true,"href":"https:\/\/hellerszakkoli.hu\/index.php\/wp-json\/wp\/v2\/users\/1"}],"replies":[{"embeddable":true,"href":"https:\/\/hellerszakkoli.hu\/index.php\/wp-json\/wp\/v2\/comments?post=164"}],"version-history":[{"count":12,"href":"https:\/\/hellerszakkoli.hu\/index.php\/wp-json\/wp\/v2\/pages\/164\/revisions"}],"predecessor-version":[{"id":2203,"href":"https:\/\/hellerszakkoli.hu\/index.php\/wp-json\/wp\/v2\/pages\/164\/revisions\/2203"}],"wp:attachment":[{"href":"https:\/\/hellerszakkoli.hu\/index.php\/wp-json\/wp\/v2\/media?parent=164"}],"curies":[{"name":"wp","href":"https:\/\/api.w.org\/{rel}","templated":true}]}}