{"id":166,"date":"2023-02-06T18:43:57","date_gmt":"2023-02-06T18:43:57","guid":{"rendered":"https:\/\/heller.nagbalae.hu\/?page_id=166"},"modified":"2025-09-24T20:59:52","modified_gmt":"2025-09-24T20:59:52","slug":"kozosseg","status":"publish","type":"page","link":"https:\/\/hellerszakkoli.hu\/index.php\/kozosseg\/","title":{"rendered":"K\u00f6z\u00f6ss\u00e9g"},"content":{"rendered":"\n<style>\nh2.entry-title{\n   display: none;\n} \n<\/style> <!-- Kikapcsolja a c\u00edmet -->\n\n\n\n<p class=\"has-text-align-center has-text-color has-large-font-size\" style=\"color:#002449\"><strong>K\u00f6z\u00f6ss\u00e9g<\/strong><\/p>\n\n\n\n<div class=\"wp-block-stevehenty-drop-shadow-box dropshadowboxes-container\" style=\"width:auto\"><div class=\"dropshadowboxes-drop-shadow dropshadowboxes-lifted-both dropshadowboxes-rounded-corners\" style=\"background-color:#FFFFFF;border-style:solid;border-width:3px;border-color:#002449;width:;padding:17px\"><div>\n<p class=\"has-text-align-center has-text-color has-medium-font-size\" style=\"color:#002449\">A koliban a k\u00f6z\u00f6ss\u00e9g olyan, mint szinergi\u00e1k csoportjai: egy\u00fctt t\u00f6bbre vagyunk k\u00e9pesek, \u00e9s egy\u00fcttm\u0171k\u00f6dve mindenki a jobbat hozza ki a t\u00e1rs\u00e1b\u00f3l. Mivel id\u0151nk nagy r\u00e9sz\u00e9t egym\u00e1s t\u00e1rsas\u00e1g\u00e1ban t\u00f6ltj\u00fck, elengedhetetlen, hogy \u00f6sszecsiszol\u00f3djunk, egy j\u00f3l \u00f6sszeszokott csapat legy\u00fcnk. Ezek megval\u00f3s\u00edt\u00e1s\u00e1ra jelentenek remek alkalmakat k\u00f6z\u00f6ss\u00e9gi esem\u00e9nyeink.<\/p>\n<\/div><\/div><\/div>\n\n\n\n<div class=\"wp-block-group has-white-background-color has-background\" style=\"padding-top:var(--wp--preset--spacing--80);padding-right:0;padding-bottom:var(--wp--preset--spacing--80);padding-left:0\"><div class=\"wp-block-group__inner-container is-layout-flow wp-block-group-is-layout-flow\">\n<div class=\"wp-block-buttons is-content-justification-center is-layout-flex wp-container-core-buttons-is-layout-16018d1d wp-block-buttons-is-layout-flex\">\n<div class=\"wp-block-button has-custom-width wp-block-button__width-100 is-style-outline is-style-outline--1\"><a class=\"wp-block-button__link has-text-color has-background has-custom-font-size wp-element-button\" style=\"border-top-left-radius:0px;border-top-right-radius:0px;border-bottom-left-radius:0px;border-bottom-right-radius:0px;color:#002449;background-color:#ffcc06;padding-top:0;padding-bottom:0;font-size:26px\"><strong>T\u00e1borok<\/strong><\/a><\/div>\n<\/div>\n<\/div><\/div>\n\n\n\n<p class=\"has-text-align-center has-text-color\" style=\"color:#002449;font-size:24px;font-style:normal;font-weight:500;text-transform:none\"><strong>Ny\u00e1ri t\u00e1bor<\/strong><\/p>\n\n\n\n<p class=\"has-text-align-center\" style=\"font-size:18px\">A <strong>ny\u00e1ri t\u00e1borunk<\/strong> c\u00e9lja, hogy a vizsgaid\u0151szak v\u00e9g\u00e9n tagjainknak lehet\u0151s\u00e9ge legyen kiereszteni a g\u0151zt, \u00e9s <strong>k\u00f6z\u00f6sen meg\u00fcnnepelni az eg\u00e9sz \u00e9v sor\u00e1n el\u00e9rt eredm\u00e9nyeket<\/strong>. A t\u00e1bor helysz\u00edn\u00e9\u00fcl \u00e1ltal\u00e1ban a Balaton-partot v\u00e1lasztjuk, \u00edgy a f\u00fcrd\u0151z\u00e9s vagy a labd\u00e1z\u00e1s a strandon kihagyhatatlan program. A sz\u00e1razf\u00f6ld\u00f6n pedig nagy csat\u00e1k zajlanak: ki a focip\u00e1ly\u00e1n, ki frizbivel a kez\u00e9ben, ki egy t\u00e1rsasj\u00e1t\u00e9k- vagy k\u00e1rtyapartiban bizony\u00edthatja \u00fcgyess\u00e9g\u00e9t. Az est\u00e9ket pedig az elmaradhatatlan bulik teszik eml\u00e9kezetess\u00e9.<\/p>\n\n\n<div class=\"wp-block-image\">\n<figure class=\"aligncenter\"><img loading=\"lazy\" decoding=\"async\" width=\"1024\" height=\"683\" src=\"https:\/\/hellerszakkoli.hu\/wp-content\/uploads\/2025\/09\/nyariTabor-1024x683.jpg\" alt=\"\" class=\"wp-image-2218\" srcset=\"https:\/\/hellerszakkoli.hu\/wp-content\/uploads\/2025\/09\/nyariTabor-1024x683.jpg 1024w, https:\/\/hellerszakkoli.hu\/wp-content\/uploads\/2025\/09\/nyariTabor-300x200.jpg 300w, https:\/\/hellerszakkoli.hu\/wp-content\/uploads\/2025\/09\/nyariTabor-768x512.jpg 768w, https:\/\/hellerszakkoli.hu\/wp-content\/uploads\/2025\/09\/nyariTabor-1536x1024.jpg 1536w, https:\/\/hellerszakkoli.hu\/wp-content\/uploads\/2025\/09\/nyariTabor-2048x1365.jpg 2048w\" sizes=\"auto, (max-width: 1024px) 100vw, 1024px\" \/><\/figure>\n<\/div>\n\n\n<div class=\"wp-block-columns is-layout-flex wp-container-core-columns-is-layout-9d6595d7 wp-block-columns-is-layout-flex\">\n<div class=\"wp-block-column is-layout-flow wp-block-column-is-layout-flow\">\n<p class=\"has-text-align-center has-text-color\" style=\"color:#002449;font-size:24px\"><strong>Tavaszi t\u00e1bor<\/strong><\/p>\n\n\n\n<p class=\"has-text-align-center\" style=\"font-size:18px\">Ez <strong>az els\u0151 k\u00f6z\u00f6s t\u00e1boroz\u00e1s a frissen felvettekkel <\/strong>\u00fagy, hogy m\u00e1r \u0151k is a szervezet tagjai. Ez\u00e9rt fontos integr\u00e1l\u00f3 szerepe van ennek a h\u00e9tv\u00e9g\u00e9nek, kifejezetten erre alkalmas programokkal is k\u00e9sz\u00fcl\u00fcnk. Ez a t\u00e1bor remek alkalom szokott lenni arra, hogy m\u00e9g a vizsgaid\u0151szaki hajr\u00e1 el\u0151tt kiengedj\u00fck egy\u00fctt a g\u0151zt.<\/p>\n\n\n\n<figure class=\"wp-block-image size-large\"><img loading=\"lazy\" decoding=\"async\" width=\"1024\" height=\"683\" src=\"https:\/\/hellerszakkoli.hu\/wp-content\/uploads\/2025\/09\/tavasziTabor-1024x683.jpg\" alt=\"\" class=\"wp-image-2225\"\/><\/figure>\n<\/div>\n\n\n\n<div class=\"wp-block-column is-layout-flow wp-block-column-is-layout-flow\">\n<p class=\"has-text-align-center has-text-color\" style=\"color:#002449;font-size:24px\"><strong>\u0150szi t\u00e1bor<\/strong><\/p>\n\n\n\n<p class=\"has-text-align-center\" style=\"font-size:18px\">Az \u0151sz eleji t\u00e1bor a hossz\u00fa ny\u00e1r ut\u00e1ni <strong>\u00f6sszer\u00e1z\u00f3d\u00e1sra szolg\u00e1l<\/strong> legf\u0151k\u00e9pp. Jellemz\u0151en megrendez\u00e9sre ker\u00fcl egy vet\u00e9lked\u0151, melyet hagyom\u00e1nyosan a legut\u00f3bb felvett \u00e9vfolyam szervez meg. A h\u00e9tv\u00e9g\u00e9t ezen k\u00edv\u00fcl workshopok is sz\u00ednes\u00edtik a k\u00f6z\u00f6s buliz\u00e1sok mellett.<\/p>\n\n\n\n<div style=\"height:25px\" aria-hidden=\"true\" class=\"wp-block-spacer\"><\/div>\n\n\n\n<figure class=\"wp-block-image size-large\"><img loading=\"lazy\" decoding=\"async\" width=\"1024\" height=\"683\" src=\"https:\/\/hellerszakkoli.hu\/wp-content\/uploads\/2025\/09\/osziTabor_cropped-1024x683.jpg\" alt=\"\" class=\"wp-image-2252\" srcset=\"https:\/\/hellerszakkoli.hu\/wp-content\/uploads\/2025\/09\/osziTabor_cropped-1024x683.jpg 1024w, https:\/\/hellerszakkoli.hu\/wp-content\/uploads\/2025\/09\/osziTabor_cropped-300x200.jpg 300w, https:\/\/hellerszakkoli.hu\/wp-content\/uploads\/2025\/09\/osziTabor_cropped-768x512.jpg 768w, https:\/\/hellerszakkoli.hu\/wp-content\/uploads\/2025\/09\/osziTabor_cropped-1536x1024.jpg 1536w, https:\/\/hellerszakkoli.hu\/wp-content\/uploads\/2025\/09\/osziTabor_cropped.jpg 1620w\" sizes=\"auto, (max-width: 1024px) 100vw, 1024px\" \/><\/figure>\n<\/div>\n<\/div>\n\n\n\n<div class=\"wp-block-columns is-layout-flex wp-container-core-columns-is-layout-9d6595d7 wp-block-columns-is-layout-flex\">\n<div class=\"wp-block-column is-layout-flow wp-block-column-is-layout-flow\">\n<p class=\"has-text-align-center has-text-color\" style=\"color:#002449;font-size:24px\"><strong>NYATA<\/strong><\/p>\n\n\n\n<p class=\"has-text-align-left\" style=\"font-size:18px\">A Ny\u00e1ri Szakkoll\u00e9giumi Tal\u00e1lkoz\u00f3 <strong>a hazai \u00e9s hat\u00e1ron t\u00fali szakkoll\u00e9giumok legfontosabb esem\u00e9nye<\/strong>, ahol a K\u00e1rp\u00e1t-medence minden t\u00e1j\u00e1r\u00f3l \u00e9rkez\u0151, k\u00fcl\u00f6nb\u00f6z\u0151 tudom\u00e1ny\u00e1gakat k\u00e9pvisel\u0151 hallgat\u00f3k el\u0151ad\u00e1sokon \u00e9s workshopokon kereszt\u00fcl gondolkodhatnak k\u00f6z\u00f6sen egy aktu\u00e1lis t\u00e1rsadalmi k\u00e9rd\u00e9sr\u0151l. A t\u00e1boroz\u00f3k l\u00e9tsz\u00e1ma az ut\u00f3bbi \u00e9vekben m\u00e1r a 300 f\u0151t is t\u00fall\u00e9pte, \u00edgy a NYATA k\u00f6z\u00f6ss\u00e9gi programjai k\u00f6zben kapcsolatok \u00e9p\u00edt\u00e9s\u00e9re is b\u0151ven ny\u00edlik lehet\u0151s\u00e9ge mindenkinek. A NYATA weboldala <a href=\"https:\/\/www.nyata.hu\/?fbclid=IwAR0L1VhMJMx1SNqHBpVGqQkMRV83tZYu1-Jl9n_Qcn9erREStapAHBFpvcQ\" data-type=\"URL\" data-id=\"https:\/\/www.nyata.hu\/?fbclid=IwAR0L1VhMJMx1SNqHBpVGqQkMRV83tZYu1-Jl9n_Qcn9erREStapAHBFpvcQ\" target=\"_blank\" rel=\"noreferrer noopener\">itt \u00e9rhet\u0151 el<\/a>.<\/p>\n<\/div>\n\n\n\n<div class=\"wp-block-column is-layout-flow wp-block-column-is-layout-flow\">\n<div class=\"wp-block-columns is-layout-flex wp-container-core-columns-is-layout-9d6595d7 wp-block-columns-is-layout-flex\">\n<div class=\"wp-block-column is-layout-flow wp-block-column-is-layout-flow\" style=\"flex-basis:100%\">\n<figure class=\"wp-block-image size-large is-resized\"><img loading=\"lazy\" decoding=\"async\" width=\"1024\" height=\"768\" src=\"https:\/\/hellerszakkoli.hu\/wp-content\/uploads\/2024\/08\/nyata_kep-1024x768.jpg\" alt=\"\" class=\"wp-image-2007\" style=\"width:416px;height:auto\" srcset=\"https:\/\/hellerszakkoli.hu\/wp-content\/uploads\/2024\/08\/nyata_kep-1024x768.jpg 1024w, https:\/\/hellerszakkoli.hu\/wp-content\/uploads\/2024\/08\/nyata_kep-300x225.jpg 300w, https:\/\/hellerszakkoli.hu\/wp-content\/uploads\/2024\/08\/nyata_kep-768x576.jpg 768w, https:\/\/hellerszakkoli.hu\/wp-content\/uploads\/2024\/08\/nyata_kep.jpg 1368w\" sizes=\"auto, (max-width: 1024px) 100vw, 1024px\" \/><\/figure>\n<\/div>\n<\/div>\n<\/div>\n<\/div>\n\n\n\n<div class=\"wp-block-group has-white-background-color has-background\" style=\"padding-top:var(--wp--preset--spacing--80);padding-right:0;padding-bottom:var(--wp--preset--spacing--80);padding-left:0\"><div class=\"wp-block-group__inner-container is-layout-flow wp-block-group-is-layout-flow\">\n<div class=\"wp-block-buttons is-content-justification-center is-layout-flex wp-container-core-buttons-is-layout-16018d1d wp-block-buttons-is-layout-flex\">\n<div class=\"wp-block-button has-custom-width wp-block-button__width-100 is-style-outline is-style-outline--2\"><a class=\"wp-block-button__link has-text-color has-background has-custom-font-size wp-element-button\" style=\"border-top-left-radius:0px;border-top-right-radius:0px;border-bottom-left-radius:0px;border-bottom-right-radius:0px;color:#002449;background-color:#ffcc06;padding-top:0;padding-bottom:0;font-size:26px\"><strong>Heller B\u00e1l<\/strong><\/a><\/div>\n<\/div>\n<\/div><\/div>\n\n\n<div class=\"wp-block-image\">\n<figure class=\"aligncenter\"><img loading=\"lazy\" decoding=\"async\" width=\"1024\" height=\"576\" src=\"https:\/\/hellerszakkoli.hu\/wp-content\/uploads\/2025\/09\/bal2024-1024x576.jpg\" alt=\"\" class=\"wp-image-2210\" srcset=\"https:\/\/hellerszakkoli.hu\/wp-content\/uploads\/2025\/09\/bal2024-1024x576.jpg 1024w, https:\/\/hellerszakkoli.hu\/wp-content\/uploads\/2025\/09\/bal2024-300x169.jpg 300w, https:\/\/hellerszakkoli.hu\/wp-content\/uploads\/2025\/09\/bal2024-768x432.jpg 768w, https:\/\/hellerszakkoli.hu\/wp-content\/uploads\/2025\/09\/bal2024-1536x864.jpg 1536w, https:\/\/hellerszakkoli.hu\/wp-content\/uploads\/2025\/09\/bal2024.jpg 2048w\" sizes=\"auto, (max-width: 1024px) 100vw, 1024px\" \/><\/figure>\n<\/div>\n\n\n<p class=\"has-text-align-center has-black-color has-text-color\" style=\"font-size:18px\">Minden \u00e9vben megrendezz\u00fck a <strong>Heller B\u00e1lt<\/strong>, ahol az akt\u00edv \u00e9s senior tagjaink vesznek r\u00e9szt. Itt avatjuk Seniorr\u00e1 azokat, akik teljes\u00edtett\u00e9k a kolis krit\u00e9riumokat \u00e9s megszerezt\u00e9k mester diplom\u00e1jukat. Ezen az eleg\u00e1ns, vacsor\u00e1val egybek\u00f6t\u00f6tt rendezv\u00e9nyen kiemelt tagjaink \u00e1tvehetik okleveleiket, az \u00faj \u00e9vfolyam bemutatkozik, majd a form\u00e1lis bevezet\u00e9s ut\u00e1n hajnalig egy\u00fctt bulizunk. Ez az esem\u00e9ny az egyik, ha nem a legnagyobb hagyom\u00e1nnyal rendelkezik a koll\u00e9gium \u00e9let\u00e9ben.<\/p>\n\n\n\n\n\n<div class=\"wp-block-group has-white-background-color has-background\" style=\"padding-top:var(--wp--preset--spacing--80);padding-right:0;padding-bottom:var(--wp--preset--spacing--80);padding-left:0\"><div class=\"wp-block-group__inner-container is-layout-constrained wp-container-core-group-is-layout-01938732 wp-block-group-is-layout-constrained\">\n<div class=\"wp-block-buttons is-content-justification-center is-layout-flex wp-container-core-buttons-is-layout-16018d1d wp-block-buttons-is-layout-flex\">\n<div class=\"wp-block-button has-custom-width wp-block-button__width-100 is-style-outline is-style-outline--3\"><a class=\"wp-block-button__link has-text-color has-background has-custom-font-size wp-element-button\" style=\"border-top-left-radius:0px;border-top-right-radius:0px;border-bottom-left-radius:0px;border-bottom-right-radius:0px;color:#002449;background-color:#ffcc06;padding-top:0;padding-bottom:0;font-size:26px\"><strong>Mindennapjaink<\/strong><\/a><\/div>\n<\/div>\n\n\n\n<div style=\"height:50px\" aria-hidden=\"true\" class=\"wp-block-spacer\"><\/div>\n\n\n<div class=\"wp-block-image\">\n<figure class=\"aligncenter\"><img loading=\"lazy\" decoding=\"async\" width=\"1024\" height=\"768\" src=\"https:\/\/hellerszakkoli.hu\/wp-content\/uploads\/2025\/09\/bowling-1024x768.jpeg\" alt=\"\" class=\"wp-image-2212\" srcset=\"https:\/\/hellerszakkoli.hu\/wp-content\/uploads\/2025\/09\/bowling-1024x768.jpeg 1024w, https:\/\/hellerszakkoli.hu\/wp-content\/uploads\/2025\/09\/bowling-300x225.jpeg 300w, https:\/\/hellerszakkoli.hu\/wp-content\/uploads\/2025\/09\/bowling-768x576.jpeg 768w, https:\/\/hellerszakkoli.hu\/wp-content\/uploads\/2025\/09\/bowling-1536x1152.jpeg 1536w, https:\/\/hellerszakkoli.hu\/wp-content\/uploads\/2025\/09\/bowling.jpeg 2048w\" sizes=\"auto, (max-width: 1024px) 100vw, 1024px\" \/><\/figure>\n<\/div><\/div><\/div>\n\n\n\n<p class=\"has-text-align-center\" style=\"font-size:18px\">A BB team \u00e1ltal szervezett programok sz\u00ednes\u00edtik mindennapjainkat, <strong>form\u00e1lj\u00e1k <\/strong>a k\u00f6z\u00f6ss\u00e9g\u00fcnket, k\u00f6zelebb hoznak minket a m\u00e1sikhoz \u00e9s nem utols\u00f3 sorban remek <strong>kikapcsol\u00f3d\u00e1si <\/strong>lehet\u0151s\u00e9get ny\u00fajtanak sz\u00e1munkra. Sz\u00e1mos program ker\u00fclt m\u00e1r megszervez\u00e9sre \u00edgy a teljess\u00e9g ig\u00e9nye n\u00e9lk\u00fcl csak p\u00e1r p\u00e9ld\u00e1t eml\u00edt\u00fcnk meg. Nagy v\u00e1rakoz\u00e1s \u00f6vezi mindig azokat az est\u00e9ket, amikor bowlingozni megy a tags\u00e1g, az egyik legn\u00e9pszer\u0171bb k\u00f6z\u00f6s programunk. B\u00e1rmikor vev\u0151 a tags\u00e1g a j\u00f3 id\u0151ben megszervezett t\u00far\u00e1kra, ha pedig z\u00e1rt t\u00e9rbe k\u00e9nyszer\u00fcl\u00fcnk, sz\u00edvesen tartunk kv\u00edzesteket, vagy activityz\u00fcnk. Szezon\u00e1lis programjaink k\u00f6z\u00e9 tartozik a farsang \u00e9s a mikul\u00e1soz\u00e1s is, ut\u00f3bbi eset\u00e9n p\u00e1r apr\u00f3s\u00e1ggal \u00e9s versekkel kedvesked\u00fcnk egym\u00e1snak, a bev\u00e1llal\u00f3sabbak pedig be is \u00f6lt\u00f6znek. Ezeken k\u00edv\u00fcl sz\u00edvesen mutatjuk meg egym\u00e1snak csocs\u00f3z\u00e1si kvalit\u00e1sainkat, kipr\u00f3b\u00e1ljuk magunkat min\u00e9l t\u00f6bb t\u00e1rsasj\u00e1t\u00e9kban vagy tessz\u00fck pr\u00f3b\u00e1ra h\u00f3d\u00edt\u00e1si k\u00e9pess\u00e9geinket honfoglal\u00f3 keret\u00e9ben.<\/p>\n\n\n\n<div class=\"wp-block-columns is-layout-flex wp-container-core-columns-is-layout-9d6595d7 wp-block-columns-is-layout-flex\">\n<div class=\"wp-block-column is-layout-flow wp-block-column-is-layout-flow\">\n<figure class=\"wp-block-image size-large\"><img loading=\"lazy\" decoding=\"async\" width=\"1024\" height=\"683\" src=\"https:\/\/hellerszakkoli.hu\/wp-content\/uploads\/2025\/09\/tarsasozas_cropped-1024x683.jpeg\" alt=\"\" class=\"wp-image-2250\" srcset=\"https:\/\/hellerszakkoli.hu\/wp-content\/uploads\/2025\/09\/tarsasozas_cropped-1024x683.jpeg 1024w, https:\/\/hellerszakkoli.hu\/wp-content\/uploads\/2025\/09\/tarsasozas_cropped-300x200.jpeg 300w, https:\/\/hellerszakkoli.hu\/wp-content\/uploads\/2025\/09\/tarsasozas_cropped-768x512.jpeg 768w, https:\/\/hellerszakkoli.hu\/wp-content\/uploads\/2025\/09\/tarsasozas_cropped-1536x1024.jpeg 1536w, https:\/\/hellerszakkoli.hu\/wp-content\/uploads\/2025\/09\/tarsasozas_cropped.jpeg 2048w\" sizes=\"auto, (max-width: 1024px) 100vw, 1024px\" \/><\/figure>\n<\/div>\n\n\n\n<div class=\"wp-block-column is-layout-flow wp-block-column-is-layout-flow\">\n<figure class=\"wp-block-image size-full\"><img loading=\"lazy\" decoding=\"async\" width=\"1024\" height=\"683\" src=\"https:\/\/hellerszakkoli.hu\/wp-content\/uploads\/2024\/08\/rsz_img_5997-1.jpg\" alt=\"\" class=\"wp-image-1901\" srcset=\"https:\/\/hellerszakkoli.hu\/wp-content\/uploads\/2024\/08\/rsz_img_5997-1.jpg 1024w, https:\/\/hellerszakkoli.hu\/wp-content\/uploads\/2024\/08\/rsz_img_5997-1-300x200.jpg 300w, https:\/\/hellerszakkoli.hu\/wp-content\/uploads\/2024\/08\/rsz_img_5997-1-768x512.jpg 768w\" sizes=\"auto, (max-width: 1024px) 100vw, 1024px\" \/><\/figure>\n<\/div>\n<\/div>\n\n\n\n<p class=\"has-text-align-center\" style=\"font-size:18px\">T\u00f6bb sportot is \u0171z\u00fcnk szabadid\u0151nkben. M\u00e1r \u00e9vek \u00f3ta megval\u00f3sul heti szinten a helleres foci, \u00e9vr\u0151l \u00e9vre j\u00f6nnek olyan \u00faj tagok, akik felt\u00f6ltik a csapatot \u00e9s fenntartj\u00e1k ezt a hagyom\u00e1nyt \u00e9s term\u00e9szetesen r\u00e9g\u00f3ta j\u00e1r\u00f3 j\u00e1t\u00e9kosok is akadnak. A ny\u00e1r meleg\u00e9ben az esti strandr\u00f6piz\u00e9st prefer\u00e1ljuk, m\u00edg a hideg be\u00e1llt\u00e1val a koriz\u00e1st v\u00e1lasztjuk. Az elme frissess\u00e9g\u00e9t szem el\u0151tt tartva pedig t\u00f6bben is elm\u00e9ly\u00fcl\u00fcnk a sakk rejtelmeiben. <\/p>\n","protected":false},"excerpt":{"rendered":"<p>K\u00f6z\u00f6ss\u00e9g Ny\u00e1ri t\u00e1bor A ny\u00e1ri t\u00e1borunk c\u00e9lja, hogy a vizsgaid\u0151szak v\u00e9g\u00e9n tagjainknak lehet\u0151s\u00e9ge legyen kiereszteni a g\u0151zt, \u00e9s k\u00f6z\u00f6sen meg\u00fcnnepelni az eg\u00e9sz \u00e9v sor\u00e1n el\u00e9rt eredm\u00e9nyeket. A t\u00e1bor helysz\u00edn\u00e9\u00fcl \u00e1ltal\u00e1ban a Balaton-partot v\u00e1lasztjuk, \u00edgy a f\u00fcrd\u0151z\u00e9s vagy a labd\u00e1z\u00e1s a strandon kihagyhatatlan program. A sz\u00e1razf\u00f6ld\u00f6n pedig nagy csat\u00e1k zajlanak: ki a focip\u00e1ly\u00e1n, ki frizbivel a [&hellip;]<\/p>\n","protected":false},"author":1,"featured_media":0,"parent":0,"menu_order":3,"comment_status":"closed","ping_status":"closed","template":"","meta":{"ub_ctt_via":"","footnotes":""},"class_list":["post-166","page","type-page","status-publish","hentry"],"featured_image_src":null,"_links":{"self":[{"href":"https:\/\/hellerszakkoli.hu\/index.php\/wp-json\/wp\/v2\/pages\/166","targetHints":{"allow":["GET"]}}],"collection":[{"href":"https:\/\/hellerszakkoli.hu\/index.php\/wp-json\/wp\/v2\/pages"}],"about":[{"href":"https:\/\/hellerszakkoli.hu\/index.php\/wp-json\/wp\/v2\/types\/page"}],"author":[{"embeddable":true,"href":"https:\/\/hellerszakkoli.hu\/index.php\/wp-json\/wp\/v2\/users\/1"}],"replies":[{"embeddable":true,"href":"https:\/\/hellerszakkoli.hu\/index.php\/wp-json\/wp\/v2\/comments?post=166"}],"version-history":[{"count":24,"href":"https:\/\/hellerszakkoli.hu\/index.php\/wp-json\/wp\/v2\/pages\/166\/revisions"}],"predecessor-version":[{"id":2287,"href":"https:\/\/hellerszakkoli.hu\/index.php\/wp-json\/wp\/v2\/pages\/166\/revisions\/2287"}],"wp:attachment":[{"href":"https:\/\/hellerszakkoli.hu\/index.php\/wp-json\/wp\/v2\/media?parent=166"}],"curies":[{"name":"wp","href":"https:\/\/api.w.org\/{rel}","templated":true}]}}