{"id":168,"date":"2023-02-06T18:44:13","date_gmt":"2023-02-06T18:44:13","guid":{"rendered":"https:\/\/heller.nagbalae.hu\/?page_id=168"},"modified":"2025-09-24T19:44:08","modified_gmt":"2025-09-24T19:44:08","slug":"tarsadalmi-felelosseg","status":"publish","type":"page","link":"https:\/\/hellerszakkoli.hu\/index.php\/tarsadalmi-felelosseg\/","title":{"rendered":"T\u00e1rsadalmi Felel\u0151ss\u00e9g"},"content":{"rendered":"\n<p><style>\r\nh2.entry-title{\r\n   display: none;\r\n} \r\n<\/style><\/p>\r\n<!-- Kikapcsolja a c\u00edmet -->\n\n\n\n<p class=\"has-text-align-center has-text-color has-large-font-size\" style=\"color:#002449\"><strong>T\u00e1rsadalmi felel\u0151ss\u00e9g<\/strong><\/p>\n\n\n\n<div class=\"wp-block-stevehenty-drop-shadow-box dropshadowboxes-container dropshadowboxes-center\" style=\"width: 100%;\">\r\n<div class=\"dropshadowboxes-drop-shadow dropshadowboxes-lifted-both dropshadowboxes-rounded-corners\" style=\"background-color: #ffffff; width: auto; padding: 17px; border: 3px solid #002449;\">\r\n<div>\n\n<p class=\"has-text-align-center has-text-color\" style=\"color: #002449; font-size: 19px; text-align: justify;\">A Heller Farkas Szakkoll\u00e9gium a kezdetekt\u0151l fogva sz\u00fcks\u00e9g\u00e9t \u00e9rezte annak, hogy m\u0171k\u00f6d\u00e9se \u00e1ltal ne csak szakmai \u00e9rtelemben vett elitet k\u00e9pezzen, hanem egyben olyan fiatalok ker\u00fcljenek ki falai k\u00f6z\u00fcl, kiknek \u201celittudata\u201d kiterjed a felel\u0151ss\u00e9gteljes \u00e9s tisztess\u00e9ges magatart\u00e1sra az \u0151ket k\u00f6r\u00fclvev\u0151 vil\u00e1g fel\u00e9. Fontosnak tartjuk, hogy v\u00e9gzett tagjaink tanulm\u00e1nyaikon, munk\u00e1jukon t\u00falmutat\u00f3 cselekedeteik \u00e1ltal is sz\u00fcks\u00e9g\u00e9t \u00e9rezz\u00e9k annak, hogy t\u00f6bbsz\u00f6r\u00f6s\u00e9t adj\u00e1k vissza annak a t\u00e1rsadalomnak \u00e9s k\u00f6rnyezetnek, amely seg\u00edtette \u0151ket eljutni a feln\u0151tt\u00e9 v\u00e1l\u00e1sig. Hissz\u00fck, hogy ezt a magatart\u00e1st m\u00e1r az egyetemi \u00e9vek alatt fontos megalapozni, valamint, hogy \u00f6sszefog\u00e1ssal \u00e9s tenni akar\u00e1ssal egy \u00f6tvenf\u0151s k\u00f6z\u00f6ss\u00e9g is sokat tud tenni a t\u00e1rsadalom\u00e9rt. Ez\u00e9rt is \u00e9rezz\u00fck magunk\u00e9nak a szakkoll\u00e9giumi mozgalom harmadik pill\u00e9r\u00e9t, a\u00a0<strong>T\u00e1rsadalmi \u00c9rz\u00e9kenys\u00e9get<\/strong>.<\/p>\n\n<\/div>\r\n<\/div>\r\n<\/div>\n\n\n\n<div class=\"wp-block-group has-white-background-color has-background\" style=\"padding: var(--wp--preset--spacing--80) 0 var(--wp--preset--spacing--80) 0;\"><div class=\"wp-block-group__inner-container is-layout-flow wp-block-group-is-layout-flow\">\n\n<div class=\"wp-block-buttons is-content-justification-center is-layout-flex wp-container-core-buttons-is-layout-16018d1d wp-block-buttons-is-layout-flex\">\n\n<div class=\"wp-block-button has-custom-width wp-block-button__width-100 has-custom-font-size is-style-outline is-style-outline--1\" style=\"font-size: 31px;\"><a class=\"wp-block-button__link has-text-color has-background wp-element-button\" style=\"border-top-left-radius: 0px; border-top-right-radius: 0px; border-bottom-left-radius: 0px; border-bottom-right-radius: 0px; color: #002449; background-color: #ffcc06; padding-top: 0; padding-bottom: 0;\"><strong>Gimis Oktat\u00e1s<\/strong><\/a><\/div>\n\n<\/div>\n\n<\/div><\/div>\n\n\n\n<div class=\"wp-block-columns are-vertically-aligned-center is-layout-flex wp-container-core-columns-is-layout-9d6595d7 wp-block-columns-is-layout-flex\">\n<div class=\"wp-block-column is-vertically-aligned-center is-layout-flow wp-block-column-is-layout-flow\">\n<figure class=\"wp-block-image size-large is-style-default\"><img loading=\"lazy\" decoding=\"async\" width=\"1024\" height=\"768\" src=\"https:\/\/hellerszakkoli.hu\/wp-content\/uploads\/2025\/09\/gimisOktatas-1024x768.jpeg\" alt=\"\" class=\"wp-image-2213\" srcset=\"https:\/\/hellerszakkoli.hu\/wp-content\/uploads\/2025\/09\/gimisOktatas-1024x768.jpeg 1024w, https:\/\/hellerszakkoli.hu\/wp-content\/uploads\/2025\/09\/gimisOktatas-300x225.jpeg 300w, https:\/\/hellerszakkoli.hu\/wp-content\/uploads\/2025\/09\/gimisOktatas-768x576.jpeg 768w, https:\/\/hellerszakkoli.hu\/wp-content\/uploads\/2025\/09\/gimisOktatas-1536x1152.jpeg 1536w, https:\/\/hellerszakkoli.hu\/wp-content\/uploads\/2025\/09\/gimisOktatas.jpeg 2000w\" sizes=\"auto, (max-width: 1024px) 100vw, 1024px\" \/><\/figure>\n<\/div>\n\n\n\n<div class=\"wp-block-column is-vertically-aligned-center is-layout-flow wp-block-column-is-layout-flow\">\n<div class=\"wp-block-stevehenty-drop-shadow-box dropshadowboxes-container\" style=\"width: auto;\">\r\n<div class=\"dropshadowboxes-drop-shadow dropshadowboxes-lifted-both dropshadowboxes-rounded-corners dropshadowboxes-inside-and-outside-shadow\" style=\"background-color: #002449; ;padding: 10px; border: 2px solid #002449;\">\r\n<div>\n\n<p class=\"has-white-color has-text-color has-medium-font-size\" style=\"text-align: justify;\">Egyetemi hallgat\u00f3k\u00e9nt, gazd\u00e1lkod\u00e1s- \u00e9s k\u00f6zgazdas\u00e1gtudom\u00e1nyi tanulm\u00e1nyokat folytatva legfontosabb er\u0151forr\u00e1sunkk\u00e1 a saj\u00e1t tud\u00e1sunk v\u00e1lik, mik\u00f6zben tapasztalataink szerint a t\u00e1rsadalom nagy r\u00e9sze hi\u00e1nyos tud\u00e1ssal b\u00edr p\u00e9nz\u00fcgyi ismeretek ter\u00e9n. Ennek megfelel\u0151en igyeksz\u00fcnk f\u00f3kusz\u00e1lni t\u00e1rsadalmi felel\u0151ss\u00e9gv\u00e1llal\u00e1sunkat: harmadik pill\u00e9r\u00fcnk gerinc\u00e9t a p\u00e9nz\u00fcgyi-gazdas\u00e1gi k\u00f6zpont\u00fa oktat\u00e1s adja.<\/p>\n\n<\/div>\r\n<\/div>\r\n<\/div>\n<\/div>\n<\/div>\n\n\n\n<div class=\"wp-block-columns are-vertically-aligned-center is-layout-flex wp-container-core-columns-is-layout-9d6595d7 wp-block-columns-is-layout-flex\">\n<div class=\"wp-block-column is-vertically-aligned-center has-white-background-color has-background is-layout-flow wp-block-column-is-layout-flow\">\n<div class=\"wp-block-stevehenty-drop-shadow-box dropshadowboxes-container\" style=\"width: auto;\">\r\n<div class=\"dropshadowboxes-drop-shadow dropshadowboxes-lifted-both dropshadowboxes-rounded-corners dropshadowboxes-outside-shadow\" style=\"background-color: #ffffff; ;padding: 10px; border: 2px solid #ffffff;\">\r\n<div>\n\n<p class=\"has-medium-font-size\" style=\"text-align: justify;\">A Gimis oktat\u00e1s projekt\u00fcnk keretein bel\u00fcl t\u00f6bb m\u00f3don igyeksz\u00fcnk fejleszteni a di\u00e1kok p\u00e9nz\u00fcgyi tudatoss\u00e1g\u00e1t, valamint seg\u00edtj\u00fck \u0151ket a kritikus szeml\u00e9let\u0171 t\u00e1j\u00e9koz\u00f3d\u00e1sban. Foglalkozunk a mindennapi p\u00e9nz\u00fcgyekkel, valamint besz\u00e9lget\u00fcnk a befektet\u00e9sekr\u0151l, a k\u00f6lts\u00e9gek \u00e9s bev\u00e9telek k\u00f6nnyebb k\u00f6vet\u00e9s\u00e9r\u0151l vagy \u00e9ppen a leg\u00fajabb p\u00e9nz\u00fcgyi applik\u00e1ci\u00f3kr\u00f3l. Szeretn\u00e9nk interakt\u00edv foglalkoz\u00e1s sor\u00e1n olyan t\u00e9m\u00e1kat is \u00e9rinteni, mint a globaliz\u00e1ci\u00f3 jelens\u00e9ge, vagy \u00e9ppen a t\u00faln\u00e9pesed\u00e9s, mindezt a vil\u00e1gszint\u0171 statisztik\u00e1k t\u00fckr\u00e9n kereszt\u00fcl vizsg\u00e1lva.<\/p>\n\n<\/div>\r\n<\/div>\r\n<\/div>\n<\/div>\n\n\n\n<div class=\"wp-block-column is-vertically-aligned-center is-layout-flow wp-block-column-is-layout-flow\">\n<figure class=\"wp-block-image size-large is-style-default\"><img loading=\"lazy\" decoding=\"async\" width=\"1024\" height=\"683\" src=\"https:\/\/hellerszakkoli.hu\/wp-content\/uploads\/2024\/08\/2022_bevono_1-min-1024x683.jpg\" alt=\"\" class=\"wp-image-1906\" srcset=\"https:\/\/hellerszakkoli.hu\/wp-content\/uploads\/2024\/08\/2022_bevono_1-min-1024x683.jpg 1024w, https:\/\/hellerszakkoli.hu\/wp-content\/uploads\/2024\/08\/2022_bevono_1-min-300x200.jpg 300w, https:\/\/hellerszakkoli.hu\/wp-content\/uploads\/2024\/08\/2022_bevono_1-min-768x512.jpg 768w, https:\/\/hellerszakkoli.hu\/wp-content\/uploads\/2024\/08\/2022_bevono_1-min-1536x1024.jpg 1536w, https:\/\/hellerszakkoli.hu\/wp-content\/uploads\/2024\/08\/2022_bevono_1-min-2048x1365.jpg 2048w\" sizes=\"auto, (max-width: 1024px) 100vw, 1024px\" \/><\/figure>\n<\/div>\n<\/div>\n\n\n\n<p class=\"has-text-align-left\" style=\"font-size:19px\"><p class=\"has-text-align-left\" style=\"font-size: 19px; text-align: justify;\">Amennyiben tov\u00e1bbi k\u00e9rd\u00e9s mer\u00fcl fel az oktat\u00e1si tev\u00e9kenys\u00e9g\u00fcnkkel kapcsolatban, keressetek minket a&nbsp;<a href=\"mailto:gimisoktatas@heller.uni-corvinus.hu\">gimisoktatas@heller.uni-corvinus.hu<\/a>&nbsp;c\u00edmen.<\/p><\/p>\n\n\n\n<div class=\"wp-block-group has-white-background-color has-background\" style=\"padding: var(--wp--preset--spacing--80) 0 var(--wp--preset--spacing--80) 0;\"><div class=\"wp-block-group__inner-container is-layout-flow wp-block-group-is-layout-flow\">\n\n<div class=\"wp-block-buttons is-content-justification-center is-layout-flex wp-container-core-buttons-is-layout-16018d1d wp-block-buttons-is-layout-flex\">\n\n<div class=\"wp-block-button has-custom-width wp-block-button__width-100 has-custom-font-size is-style-outline is-style-outline--2\" style=\"font-size: 31px;\"><a class=\"wp-block-button__link has-text-color has-background wp-element-button\" style=\"border-top-left-radius: 0px; border-top-right-radius: 0px; border-bottom-left-radius: 0px; border-bottom-right-radius: 0px; color: #002449; background-color: #ffcc06; padding-top: 0; padding-bottom: 0;\"><strong>Gimis T\u00e1bor<\/strong><\/a><\/div>\n\n<\/div>\n\n<\/div><\/div>\n\n\n\n<div class=\"wp-block-columns are-vertically-aligned-center is-layout-flex wp-container-core-columns-is-layout-9d6595d7 wp-block-columns-is-layout-flex\">\n<div class=\"wp-block-column is-vertically-aligned-center is-layout-flow wp-block-column-is-layout-flow\">\n<figure class=\"wp-block-image size-full is-style-default\"><img loading=\"lazy\" decoding=\"async\" width=\"2048\" height=\"1536\" src=\"https:\/\/hellerszakkoli.hu\/wp-content\/uploads\/2025\/09\/gimisTabor_csoportkep.jpg\" alt=\"\" class=\"wp-image-2214\" srcset=\"https:\/\/hellerszakkoli.hu\/wp-content\/uploads\/2025\/09\/gimisTabor_csoportkep.jpg 2048w, https:\/\/hellerszakkoli.hu\/wp-content\/uploads\/2025\/09\/gimisTabor_csoportkep-300x225.jpg 300w, https:\/\/hellerszakkoli.hu\/wp-content\/uploads\/2025\/09\/gimisTabor_csoportkep-1024x768.jpg 1024w, https:\/\/hellerszakkoli.hu\/wp-content\/uploads\/2025\/09\/gimisTabor_csoportkep-768x576.jpg 768w, https:\/\/hellerszakkoli.hu\/wp-content\/uploads\/2025\/09\/gimisTabor_csoportkep-1536x1152.jpg 1536w\" sizes=\"auto, (max-width: 2048px) 100vw, 2048px\" \/><\/figure>\n<\/div>\n\n\n\n<div class=\"wp-block-column is-vertically-aligned-center is-layout-flow wp-block-column-is-layout-flow\">\n<div class=\"wp-block-stevehenty-drop-shadow-box dropshadowboxes-container\" style=\"width: auto;\">\r\n<div class=\"dropshadowboxes-drop-shadow dropshadowboxes-lifted-both dropshadowboxes-rounded-corners dropshadowboxes-inside-and-outside-shadow\" style=\"background-color: #002449; ;padding: 10px; border: 2px solid #002449;\">\r\n<div>\n\n<p class=\"has-white-color has-text-color has-medium-font-size\" style=\"text-align: justify;\">Koll\u00e9giumunk t\u00e1rsadalmi felel\u0151ss\u00e9g v\u00e1llal\u00e1ssal kapcsolatos tev\u00e9kenys\u00e9g\u00e9nek egyik k\u00f6zponti eleme a Heller Gimis T\u00e1bor. Az egy hetes t\u00e1bor nyaranta ker\u00fcl megrendez\u00e9sre a Balaton partj\u00e1n, \u00e1tlagosan 40-50 k\u00f6z\u00e9piskol\u00e1s r\u00e9sztev\u0151vel, illetve koll\u00e9giumunk tagjaival. A r\u00e9szv\u00e9telt 11-12. oszt\u00e1lyt v\u00e9gzettek sz\u00e1m\u00e1ra hirdetj\u00fck meg, \u00e9s minden \u00e9vben igyeksz\u00fcnk p\u00e1ly\u00e1zati forr\u00e1st felhaszn\u00e1lva a lehet\u0151 legink\u00e1bb cs\u00f6kkenteni a jelentkez\u0151k k\u00f6lts\u00e9geit. Sz\u00e1mos p\u00e9ld\u00e1j\u00e1t l\u00e1thattuk az elm\u00falt \u00e9vekben, hogy sokan m\u00e1sk\u00fcl\u00f6nben nem tudnak eljutni a Balatonra, ami k\u00fcl\u00f6n motiv\u00e1ci\u00f3t jelent sz\u00e1munkra a t\u00e1bor szervez\u00e9sekor.<\/p>\n\n<\/div>\r\n<\/div>\r\n<\/div>\n<\/div>\n<\/div>\n\n\n\n<div class=\"wp-block-columns are-vertically-aligned-center is-layout-flex wp-container-core-columns-is-layout-27d3582e wp-block-columns-is-layout-flex\">\n<div class=\"wp-block-column is-vertically-aligned-center has-white-background-color has-background is-layout-flow wp-block-column-is-layout-flow\">\n<div class=\"wp-block-stevehenty-drop-shadow-box dropshadowboxes-container\" style=\"width: auto;\">\r\n<div class=\"dropshadowboxes-drop-shadow dropshadowboxes-lifted-both dropshadowboxes-rounded-corners dropshadowboxes-outside-shadow\" style=\"background-color: #ffffff; ;padding: 9px; border: 0 solid #ffffff;\">\r\n<div>\n\n<p class=\"has-medium-font-size\" style=\"text-align: justify;\">A Gimis T\u00e1bor c\u00e9lja a p\u00e9nz\u00fcgyi kult\u00fara terjeszt\u00e9se \u00e9s a gazdas\u00e1gi-p\u00e9nz\u00fcgyi k\u00e9rd\u00e9sek ir\u00e1nti \u00e9rdekl\u0151d\u00e9s felkelt\u00e9se, leend\u0151 \u201ek\u00f6zg\u00e1zos\u201d egyetemist\u00e1k \u00e9s m\u00e1s ter\u00fcletek ir\u00e1nt \u00e9rdekl\u0151d\u0151k sz\u00e1m\u00e1ra egyar\u00e1nt. A program tartalmaz el\u0151ad\u00e1sokat \u2013 melyeket az esetek t\u00f6bbs\u00e9g\u00e9ben senior tagjaink tartanak -, workshopokat, vet\u00e9lked\u0151ket \u00e9s csoportos prezent\u00e1ci\u00f3kat. A di\u00e1kok a h\u00e9t folyam\u00e1n megismerkedhetnek a befektet\u00e9sek vil\u00e1g\u00e1val, a mindennapi \u00e9letben el\u0151ker\u00fcl\u0151 p\u00e9nz\u00fcgyi k\u00e9rd\u00e9sekkel, gazdas\u00e1gi aktualit\u00e1sokkal \u00e9s a k\u00f6zgazdas\u00e1gtan k\u00fcl\u00f6nb\u00f6z\u0151 elm\u00e9leteivel. A szakmai f\u00f3kuszon t\u00fal nagy hangs\u00faly van a sz\u00f3rakoz\u00e1si lehet\u0151s\u00e9geken is: sok strandol\u00e1s, k\u00f6z\u00f6s filmn\u00e9z\u00e9sek, k\u00f6z\u00f6ss\u00e9g\u00e9p\u00edt\u0151 j\u00e1t\u00e9kok, sportol\u00e1si lehet\u0151s\u00e9gek k\u00eds\u00e9rik v\u00e9gig a hetet.<\/p>\n\n<\/div>\r\n<\/div>\r\n<\/div>\n<\/div>\n\n\n\n<div class=\"wp-block-column is-vertically-aligned-center is-layout-flow wp-block-column-is-layout-flow\">\n<figure class=\"wp-block-image size-full is-style-default\"><img loading=\"lazy\" decoding=\"async\" width=\"2560\" height=\"1920\" src=\"https:\/\/hellerszakkoli.hu\/wp-content\/uploads\/2025\/09\/gimisTabor_workshop-scaled.jpg\" alt=\"\" class=\"wp-image-2216\" srcset=\"https:\/\/hellerszakkoli.hu\/wp-content\/uploads\/2025\/09\/gimisTabor_workshop-scaled.jpg 2560w, https:\/\/hellerszakkoli.hu\/wp-content\/uploads\/2025\/09\/gimisTabor_workshop-300x225.jpg 300w, https:\/\/hellerszakkoli.hu\/wp-content\/uploads\/2025\/09\/gimisTabor_workshop-1024x768.jpg 1024w, https:\/\/hellerszakkoli.hu\/wp-content\/uploads\/2025\/09\/gimisTabor_workshop-768x576.jpg 768w, https:\/\/hellerszakkoli.hu\/wp-content\/uploads\/2025\/09\/gimisTabor_workshop-1536x1152.jpg 1536w, https:\/\/hellerszakkoli.hu\/wp-content\/uploads\/2025\/09\/gimisTabor_workshop-2048x1536.jpg 2048w\" sizes=\"auto, (max-width: 2560px) 100vw, 2560px\" \/><\/figure>\n<\/div>\n<\/div>\n\n\n\n<div class=\"wp-block-columns are-vertically-aligned-center is-layout-flex wp-container-core-columns-is-layout-9d6595d7 wp-block-columns-is-layout-flex\">\n<div class=\"wp-block-column is-vertically-aligned-center is-layout-flow wp-block-column-is-layout-flow\">\n<figure class=\"wp-block-image size-full is-style-default\"><img loading=\"lazy\" decoding=\"async\" width=\"2560\" height=\"1920\" src=\"https:\/\/hellerszakkoli.hu\/wp-content\/uploads\/2025\/09\/gimisTabor_jatek-scaled.jpg\" alt=\"\" class=\"wp-image-2215\" srcset=\"https:\/\/hellerszakkoli.hu\/wp-content\/uploads\/2025\/09\/gimisTabor_jatek-scaled.jpg 2560w, https:\/\/hellerszakkoli.hu\/wp-content\/uploads\/2025\/09\/gimisTabor_jatek-300x225.jpg 300w, https:\/\/hellerszakkoli.hu\/wp-content\/uploads\/2025\/09\/gimisTabor_jatek-1024x768.jpg 1024w, https:\/\/hellerszakkoli.hu\/wp-content\/uploads\/2025\/09\/gimisTabor_jatek-768x576.jpg 768w, https:\/\/hellerszakkoli.hu\/wp-content\/uploads\/2025\/09\/gimisTabor_jatek-1536x1152.jpg 1536w, https:\/\/hellerszakkoli.hu\/wp-content\/uploads\/2025\/09\/gimisTabor_jatek-2048x1536.jpg 2048w\" sizes=\"auto, (max-width: 2560px) 100vw, 2560px\" \/><\/figure>\n<\/div>\n\n\n\n<div class=\"wp-block-column is-vertically-aligned-center is-layout-flow wp-block-column-is-layout-flow\">\n<div class=\"wp-block-stevehenty-drop-shadow-box dropshadowboxes-container\" style=\"width: auto;\">\r\n<div class=\"dropshadowboxes-drop-shadow dropshadowboxes-lifted-both dropshadowboxes-rounded-corners dropshadowboxes-inside-and-outside-shadow\" style=\"background-color: #002449; ;padding: 10px; border: 2px solid #002449;\">\r\n<div>\n\n<p class=\"has-white-color has-text-color has-medium-font-size\" style=\"text-align: justify;\">\u00d6r\u00f6mmel szoktuk tapasztalni, hogy a h\u00e9t v\u00e9g\u00e9re bar\u00e1ts\u00e1gok sz\u00f6v\u0151dnek, m\u00e1r nem kell \u201en\u00f3gatni\u201d az embereket a programokon val\u00f3 r\u00e9szv\u00e9telre, k\u00f6z\u00f6ss\u00e9g alakul a szervez\u0151kb\u0151l \u00e9s a di\u00e1kokb\u00f3l. Alighanem nek\u00fcnk is r\u00e9sztvev\u0151k\u00e9hez hasonlatos \u00e9lm\u00e9ny a t\u00e1bor, minden munk\u00e1val t\u00f6lt\u00f6tt perc kifizet\u0151dik, amikor a t\u00e1boroz\u00f3kkal egy\u00fctt \u00e9lvezz\u00fck munk\u00e1nk gy\u00fcm\u00f6lcs\u00e9t. Nagy \u00f6r\u00f6m sz\u00e1munkra, hogy minden \u00e9vben t\u00f6bb tucat k\u00f6z\u00e9piskol\u00e1st ismertet\u00fcnk meg a p\u00e9nz\u00fcgyekkel, mik\u00f6zben a t\u00e1bor v\u00e9gig laza hangulatban \u00e9s \u00e9lm\u00e9nyekkel zs\u00fafolva telik el.<\/p>\n\n<\/div>\r\n<\/div>\r\n<\/div>\n<\/div>\n<\/div>\n\n\n\n<div class=\"wp-block-buttons is-content-justification-center is-layout-flex wp-container-core-buttons-is-layout-16018d1d wp-block-buttons-is-layout-flex\">\n<div class=\"wp-block-button has-custom-width wp-block-button__width-100 is-style-outline is-style-outline--3\"><a class=\"wp-block-button__link has-text-color has-background has-custom-font-size wp-element-button\" style=\"border-top-left-radius:0px;border-top-right-radius:0px;border-bottom-left-radius:0px;border-bottom-right-radius:0px;color:#002449;background-color:#ffcc06;padding-top:0;padding-bottom:0;font-size:31px\"><strong>SZKTP<\/strong><\/a><\/div>\n<\/div>\n\n\n\n<div class=\"wp-block-spacer\" style=\"height: 40px;\" aria-hidden=\"true\">\u00a0<\/div>\n\n\n<div class=\"wp-block-image\">\n<figure class=\"aligncenter size-full is-resized\"><img loading=\"lazy\" decoding=\"async\" width=\"360\" height=\"75\" src=\"https:\/\/hellerszakkoli.hu\/wp-content\/uploads\/2024\/08\/szktp_logo_1.png\" alt=\"\" class=\"wp-image-1892\" style=\"aspect-ratio:4.7899159663865545;width:570px;height:auto\" srcset=\"https:\/\/hellerszakkoli.hu\/wp-content\/uploads\/2024\/08\/szktp_logo_1.png 360w, https:\/\/hellerszakkoli.hu\/wp-content\/uploads\/2024\/08\/szktp_logo_1-300x63.png 300w\" sizes=\"auto, (max-width: 360px) 100vw, 360px\" \/><\/figure>\n<\/div>\n\n\n<div class=\"wp-block-spacer\" style=\"height: 40px;\" aria-hidden=\"true\">\u00a0<\/div>\n\n\n\n<div class=\"wp-block-columns are-vertically-aligned-center is-layout-flex wp-container-core-columns-is-layout-9d6595d7 wp-block-columns-is-layout-flex\">\n<div class=\"wp-block-column is-vertically-aligned-center is-layout-flow wp-block-column-is-layout-flow\">\n<figure class=\"wp-block-image size-full is-style-default\"><img decoding=\"async\" src=\"https:\/\/hellerszakkoli.hu\/wp-content\/uploads\/2025\/09\/SZKTP_esemeny.jpg\" alt=\"\" class=\"wp-image-2221\"\/><\/figure>\n<\/div>\n\n\n\n<div class=\"wp-block-column is-vertically-aligned-center is-layout-flow wp-block-column-is-layout-flow\">\n<div class=\"wp-block-stevehenty-drop-shadow-box dropshadowboxes-container\" style=\"width: auto;\">\r\n<div class=\"dropshadowboxes-drop-shadow dropshadowboxes-lifted-both dropshadowboxes-rounded-corners dropshadowboxes-inside-and-outside-shadow\" style=\"background-color: #ffffff; ;padding: 10px; border: 2px solid #ffffff;\">\r\n<div>\n\n<p class=\"has-medium-font-size\" style=\"text-align: justify;\">A Szab\u00f3 K\u00e1lm\u00e1n Tehets\u00e9gprogram a Rajk, a Heller Farkas \u00e9s a Bib\u00f3 Istv\u00e1n Szakkoll\u00e9giumok \u00e1ltal m\u0171k\u00f6dtetett program, ami olyan k\u00f6z\u00e9piskol\u00e1sokat seg\u00edt hozz\u00e1 a tov\u00e1bbtanul\u00e1shoz, akik anyagi okokb\u00f3l elesn\u00e9nek ett\u0151l a lehet\u0151s\u00e9gt\u0151l. A Program azon v\u00e9gz\u0151s k\u00f6z\u00e9piskol\u00e1soknak sz\u00f3l, akik kimagasl\u00f3 tanulm\u00e1nyi eredm\u00e9nyekkel rendelkeznek \u00e9s Budapesten, a Corvinus Egyetemen vagy az ELTE \u00c1JK szakjain szeretn\u00e9nek tov\u00e1bbtanulni, a szakkoll\u00e9giumok tagjai pedig anyagi \u00e9s nem anyagi seg\u00edts\u00e9gny\u00fajt\u00e1ssal t\u00e1mogatja \u0151ket.<\/p>\n\n<\/div>\r\n<\/div>\r\n<\/div>\n<\/div>\n<\/div>\n\n\n\n<div class=\"wp-block-columns are-vertically-aligned-center is-layout-flex wp-container-core-columns-is-layout-9d6595d7 wp-block-columns-is-layout-flex\">\n<div class=\"wp-block-column is-vertically-aligned-center is-layout-flow wp-block-column-is-layout-flow\">\n<div class=\"wp-block-stevehenty-drop-shadow-box dropshadowboxes-container\" style=\"width: auto;\">\r\n<div class=\"dropshadowboxes-drop-shadow dropshadowboxes-lifted-both dropshadowboxes-rounded-corners dropshadowboxes-inside-and-outside-shadow\" style=\"background-color: #002449; ;padding: 10px; border: 2px solid #002449;\">\r\n<div>\n\n<p class=\"has-white-color has-text-color has-medium-font-size\" style=\"text-align: justify;\">Szakkoll\u00e9giumunk minden \u00e9vben deleg\u00e1l egy koordin\u00e1tort, aki a Rajk Szakkoll\u00e9gium koordin\u00e1toraival egy\u00fctt dolgozik a Program m\u0171k\u00f6dtet\u00e9s\u00e9n; \u00e9ves strat\u00e9gi\u00e1t alkotnak, megszervezik a rekrut\u00e1l\u00e1st majd pedig a mentor\u00e1l\u00e1st, marketinggel foglalkoznak \u00e9s esem\u00e9nyeket szerveznek. A Szakkoll\u00e9gium tags\u00e1ga pedig seg\u00edti munk\u00e1jukat; leutaznak vid\u00e9ki k\u00f6z\u00e9piskol\u00e1kba hirdetni a lehet\u0151s\u00e9get, valamint a felv\u00e9telik lebonyol\u00edt\u00e1s\u00e1ban is akt\u00edv szerepet v\u00e1llalnak.<\/p>\n\n<\/div>\r\n<\/div>\r\n<\/div>\n<\/div>\n\n\n\n<div class=\"wp-block-column is-vertically-aligned-center is-layout-flow wp-block-column-is-layout-flow\">\n<figure class=\"wp-block-image size-full is-style-default\"><img loading=\"lazy\" decoding=\"async\" width=\"2048\" height=\"1536\" src=\"https:\/\/hellerszakkoli.hu\/wp-content\/uploads\/2025\/09\/SZKTP_csoportkep.jpeg\" alt=\"\" class=\"wp-image-2220\" srcset=\"https:\/\/hellerszakkoli.hu\/wp-content\/uploads\/2025\/09\/SZKTP_csoportkep.jpeg 2048w, https:\/\/hellerszakkoli.hu\/wp-content\/uploads\/2025\/09\/SZKTP_csoportkep-300x225.jpeg 300w, https:\/\/hellerszakkoli.hu\/wp-content\/uploads\/2025\/09\/SZKTP_csoportkep-1024x768.jpeg 1024w, https:\/\/hellerszakkoli.hu\/wp-content\/uploads\/2025\/09\/SZKTP_csoportkep-768x576.jpeg 768w, https:\/\/hellerszakkoli.hu\/wp-content\/uploads\/2025\/09\/SZKTP_csoportkep-1536x1152.jpeg 1536w\" sizes=\"auto, (max-width: 2048px) 100vw, 2048px\" \/><\/figure>\n<\/div>\n<\/div>\n","protected":false},"excerpt":{"rendered":"<p>T\u00e1rsadalmi felel\u0151ss\u00e9g Amennyiben tov\u00e1bbi k\u00e9rd\u00e9s mer\u00fcl fel az oktat\u00e1si tev\u00e9kenys\u00e9g\u00fcnkkel kapcsolatban, keressetek minket a&nbsp;gimisoktatas@heller.uni-corvinus.hu&nbsp;c\u00edmen.<\/p>\n","protected":false},"author":1,"featured_media":0,"parent":0,"menu_order":4,"comment_status":"closed","ping_status":"closed","template":"","meta":{"ub_ctt_via":"","footnotes":""},"class_list":["post-168","page","type-page","status-publish","hentry"],"featured_image_src":null,"_links":{"self":[{"href":"https:\/\/hellerszakkoli.hu\/index.php\/wp-json\/wp\/v2\/pages\/168","targetHints":{"allow":["GET"]}}],"collection":[{"href":"https:\/\/hellerszakkoli.hu\/index.php\/wp-json\/wp\/v2\/pages"}],"about":[{"href":"https:\/\/hellerszakkoli.hu\/index.php\/wp-json\/wp\/v2\/types\/page"}],"author":[{"embeddable":true,"href":"https:\/\/hellerszakkoli.hu\/index.php\/wp-json\/wp\/v2\/users\/1"}],"replies":[{"embeddable":true,"href":"https:\/\/hellerszakkoli.hu\/index.php\/wp-json\/wp\/v2\/comments?post=168"}],"version-history":[{"count":28,"href":"https:\/\/hellerszakkoli.hu\/index.php\/wp-json\/wp\/v2\/pages\/168\/revisions"}],"predecessor-version":[{"id":2238,"href":"https:\/\/hellerszakkoli.hu\/index.php\/wp-json\/wp\/v2\/pages\/168\/revisions\/2238"}],"wp:attachment":[{"href":"https:\/\/hellerszakkoli.hu\/index.php\/wp-json\/wp\/v2\/media?parent=168"}],"curies":[{"name":"wp","href":"https:\/\/api.w.org\/{rel}","templated":true}]}}